{"id":64,"date":"2023-05-29T20:16:19","date_gmt":"2023-05-29T18:16:19","guid":{"rendered":"https:\/\/fisic-promet.hr\/?page_id=64"},"modified":"2023-06-09T21:32:05","modified_gmt":"2023-06-09T19:32:05","slug":"gradevinsko-drvo","status":"publish","type":"page","link":"https:\/\/fisic-promet.hr\/?page_id=64","title":{"rendered":"Gra\u0111evinsko drvo"},"content":{"rendered":"\n<p>Fi\u0161i\u0107 promet je tako\u0111er vode\u0107i dobavlja\u010d gra\u0111evinskog drva. Na\u0161a ponuda uklju\u010duje razli\u010dite vrste drva koje se koriste u gra\u0111evinskoj industriji, kao \u0161to su gra\u0111evinske grede, daske, letve i drugi proizvodi.<\/p>\n\n\n\n<p>Na\u0161a gra\u0111evinska drva su visoke kvalitete, a pru\u017eamo i mogu\u0107nost prilago\u0111avanja dimenzija prema va\u0161im specifi\u010dnim potrebama.<\/p>\n\n\n\nngg_shortcode_0_placeholder\n","protected":false},"excerpt":{"rendered":"<p>Fi\u0161i\u0107 promet je tako\u0111er vode\u0107i dobavlja\u010d gra\u0111evinskog drva. Na\u0161a ponuda uklju\u010duje razli\u010dite vrste drva koje se koriste u gra\u0111evinskoj industriji, kao \u0161to su gra\u0111evinske grede, daske, letve i drugi proizvodi. Na\u0161a gra\u0111evinska drva su visoke kvalitete, a pru\u017eamo i mogu\u0107nost prilago\u0111avanja dimenzija prema va\u0161im specifi\u010dnim potrebama.<\/p>\n","protected":false},"author":1,"featured_media":0,"parent":0,"menu_order":0,"comment_status":"closed","ping_status":"closed","template":"template-no-sidebar.php","meta":{"ngg_post_thumbnail":0,"footnotes":""},"class_list":["post-64","page","type-page","status-publish","hentry"],"_links":{"self":[{"href":"https:\/\/fisic-promet.hr\/index.php?rest_route=\/wp\/v2\/pages\/64","targetHints":{"allow":["GET"]}}],"collection":[{"href":"https:\/\/fisic-promet.hr\/index.php?rest_route=\/wp\/v2\/pages"}],"about":[{"href":"https:\/\/fisic-promet.hr\/index.php?rest_route=\/wp\/v2\/types\/page"}],"author":[{"embeddable":true,"href":"https:\/\/fisic-promet.hr\/index.php?rest_route=\/wp\/v2\/users\/1"}],"replies":[{"embeddable":true,"href":"https:\/\/fisic-promet.hr\/index.php?rest_route=%2Fwp%2Fv2%2Fcomments&post=64"}],"version-history":[{"count":3,"href":"https:\/\/fisic-promet.hr\/index.php?rest_route=\/wp\/v2\/pages\/64\/revisions"}],"predecessor-version":[{"id":147,"href":"https:\/\/fisic-promet.hr\/index.php?rest_route=\/wp\/v2\/pages\/64\/revisions\/147"}],"wp:attachment":[{"href":"https:\/\/fisic-promet.hr\/index.php?rest_route=%2Fwp%2Fv2%2Fmedia&parent=64"}],"curies":[{"name":"wp","href":"https:\/\/api.w.org\/{rel}","templated":true}]}}